{"id":4564,"date":"2021-08-11T15:25:52","date_gmt":"2021-08-11T13:25:52","guid":{"rendered":"https:\/\/www.rocagibert.com\/politica-de-privacitat\/"},"modified":"2021-08-11T22:00:03","modified_gmt":"2021-08-11T20:00:03","slug":"politica-de-privacitat","status":"publish","type":"page","link":"https:\/\/www.rocagibert.com\/ca\/politica-de-privacitat\/","title":{"rendered":"Pol\u00edtica de Privacitat"},"content":{"rendered":"\t\t<div data-elementor-type=\"wp-page\" data-elementor-id=\"4564\" class=\"elementor elementor-4564 elementor-3546\" data-elementor-post-type=\"page\">\n\t\t\t\t\t\t<section class=\"has_eae_slider elementor-section elementor-top-section elementor-element elementor-element-91883da elementor-section-stretched elementor-section-boxed elementor-section-height-default elementor-section-height-default\" data-eae-slider=\"42962\" data-id=\"91883da\" data-element_type=\"section\" data-settings=\"{&quot;stretch_section&quot;:&quot;section-stretched&quot;}\">\n\t\t\t\t\t\t<div class=\"elementor-container elementor-column-gap-default\">\n\t\t\t\t\t<div class=\"has_eae_slider elementor-column elementor-col-100 elementor-top-column elementor-element elementor-element-698e49b\" data-eae-slider=\"35539\" data-id=\"698e49b\" data-element_type=\"column\">\n\t\t\t<div class=\"elementor-widget-wrap elementor-element-populated\">\n\t\t\t\t\t\t<div class=\"elementor-element elementor-element-e7846da elementor-widget elementor-widget-heading\" data-id=\"e7846da\" data-element_type=\"widget\" data-widget_type=\"heading.default\">\n\t\t\t\t<div class=\"elementor-widget-container\">\n\t\t\t\t\t<h2 class=\"elementor-heading-title elementor-size-default\">Pol\u00edtica de Privacitat<\/h2>\t\t\t\t<\/div>\n\t\t\t\t<\/div>\n\t\t\t\t\t<\/div>\n\t\t<\/div>\n\t\t\t\t\t<\/div>\n\t\t<\/section>\n\t\t\t\t<section class=\"has_eae_slider elementor-section elementor-top-section elementor-element elementor-element-9dd865e elementor-section-stretched elementor-section-boxed elementor-section-height-default elementor-section-height-default\" data-eae-slider=\"21014\" data-id=\"9dd865e\" data-element_type=\"section\" data-settings=\"{&quot;stretch_section&quot;:&quot;section-stretched&quot;}\">\n\t\t\t\t\t\t<div class=\"elementor-container elementor-column-gap-default\">\n\t\t\t\t\t<div class=\"has_eae_slider elementor-column elementor-col-100 elementor-top-column elementor-element elementor-element-db3e5b9\" data-eae-slider=\"47578\" data-id=\"db3e5b9\" data-element_type=\"column\">\n\t\t\t<div class=\"elementor-widget-wrap elementor-element-populated\">\n\t\t\t\t\t\t<div class=\"elementor-element elementor-element-743e104 elementor-widget elementor-widget-text-editor\" data-id=\"743e104\" data-element_type=\"widget\" data-widget_type=\"text-editor.default\">\n\t\t\t\t<div class=\"elementor-widget-container\">\n\t\t\t\t\t\t\t\t\t<div>\n<div>\n<div>\n<div>\n<div>\n<div>\n<p><strong> INTRODUCCI\u00d3 <\/strong><\/p>\n<p>VC Monastell S.L., d&#8217;ara endavant Roca Gibert, recopila, tracta i emmagatzema informaci\u00f3 personal a trav\u00e9s del web de la seva propietat rocagibert.com.<br \/>\nAquesta informaci\u00f3 ser\u00e0 relativa als usuaris del web. La informaci\u00f3 es recopilar\u00e0, tract\u00e9s i emmagatzemar\u00e0 d&#8217;acord amb la present Pol\u00edtica de Privacitat.<br \/>\nAquesta pol\u00edtica de privacitat va ser actualitzada el 2018.08.28.<\/p>\n<p><strong> RESPONSABLE LEGAL <\/strong><\/p>\n<p>Denominaci\u00f3 comercial: Roca Gibert<br \/>\nDenominaci\u00f3 social: VC Monastell S.L.<br \/>\nIdentificador fiscal: B62274998<br \/>\nDomicili: C \/ Girona 30, Sant Sadurn\u00ed d&#8217;Anoia<br \/>\nCorreu electr\u00f2nic de contacte: info@rocagibert.com<\/p>\n<p><strong> LLEIS D&#8217;APLICACI\u00d3 EN AQUESTA WEB <\/strong><\/p>\n<p>RGPD (Reglament (UE) 2016\/679 de el Parlament Europeu i de Consell de 27 d&#8217;abril de 2016 relatiu a la protecci\u00f3 de les persones f\u00edsiques)<br \/>\nLOPD (Llei Org\u00e0nica 15\/1999, de 13 de desembre, de protecci\u00f3 de dades de car\u00e0cter personal i Reial Decret 1720\/2007, de 21 de desembre, Reglament de desenvolupament de la LOPD)<br \/>\nLSSI (Llei 34\/2002, de 11 de juliol, de Serveis de la Societat de la Informaci\u00f3 i Comer\u00e7 Electr\u00f2nic)<br \/>\ndades recopilades<br \/>\n\u00danicament es recopilaran les dades estrictament necess\u00e0ries per a dur a terme l&#8217;activitat normal de l&#8217;servei. Ajustant-se a el principi de minimitzaci\u00f3 de dades (Art.5.b GDPR).<br \/>\nLes dades recopilades seran en tot cas de majors de 16 anys (Art. 8.1 GDPR). Roca Gibert es reserva el dret a prendre les mesures oportunes per comprovar la veracitat de l&#8217;edat (Art. 8.2 GDPR).<br \/>\nEn tot cas aquestes dades seran de car\u00e0cter personal identificatives i no sensibles, poden ser:<\/p>\n<p>correu electr\u00f2nic<br \/>\ntel\u00e8fon<br \/>\nNom i cognoms<br \/>\nDNI<br \/>\ndirecci\u00f3<\/p>\n<p><strong> M\u00c8TODES DE RECOPILACI\u00d3 <\/strong><\/p>\n<p>Les dades personals es recopilaran a trav\u00e9s del web de Roca Gibert, rocagibert.com, quan introdueixis informaci\u00f3 en algun dels camps destinats a aquest efecte a la web. Aquests camps estan degudament senyalitzats i no recopilaran cap dada fins que no acceptis expressament la cessi\u00f3 i gesti\u00f3 d&#8217;acord amb aquesta pol\u00edtica de privacitat.<\/p>\n<p><strong> OBJECTIU DE LA RECOPILACI\u00d3 I \u00daS DE LES DADES <\/strong><\/p>\n<p>La recopilaci\u00f3 i \u00fas de dades es realitza amb l&#8217;\u00fanic objectiu d&#8217;oferir i gestionar una relaci\u00f3 comercial.<br \/>\nRoca Gibert es compromet a no utilitzar les dades obtingudes amb una finalitat diferent a aquesta.<\/p>\n<p><strong> DESTINATARI DE LES DADES <\/strong><\/p>\n<p>Les dades recopilades s&#8217;incorporaran a un fitxer propietat de:<br \/>\nRoca Gibert<\/p>\n<p>Aquest fitxer ser\u00e0 gestionat per:<br \/>\nVC Monastell S.L.<\/p>\n<p>Aquest fitxer s&#8217;emmagatzemar\u00e0 a:<br \/>\nlegal@webempresa.com Amb domicili en C\/ Almagro 11 6\u00e8 7a 1. 28010 Madrid (MADRID)<\/p>\n<p><strong> TERMINI DE CONSERVACI\u00d3 DE LES DADES <\/strong><\/p>\n<p>Les dades es conservaran fins que es compleixi l&#8217;objectiu pel qual es van recopilar aquestes dades (Art.5.e. GDPR) o fins que s&#8217;exerceixi el dret a la supressi\u00f3 o modificaci\u00f3 dels mateixos. Sempre i quan aix\u00f2 no entri en conflicte amb la necessitat per motius legals o fiscals d&#8217;emmagatzemar els mateixos.<\/p>\n<p><strong> COM PROTEGIM LES DADES? <\/strong><\/p>\n<p>Les seves dades es transfereixen i s&#8217;emmagatzemen de forma segura ja que disposem de:<\/p>\n<p>Xifrat amb protocol SSL.<br \/>\nFirewall a nivell de servidor.<br \/>\nProtocols de seguretat per prevenir accessos no autoritzats.<br \/>\nControl d&#8217;accessos.<br \/>\nEmmagatzematge encriptat.<\/p>\n<p>Roca Gibert no pot garantir la completa seguretat en les comunicacions a trav\u00e9s d&#8217;Internet per\u00f2 garantim prendre les mesures adequades per protegir les seves dades.<br \/>\nA m\u00e9s Roca Gibert es compromet a mantenir la confidencialitat de les dades i no comunicar\u00e0 ni permetr\u00e0 l&#8217;acc\u00e9s a tercers no autoritzats.<\/p>\n<p><strong> TEUS DRETS QUANT A PROTECCI\u00d3 DE DADES <\/strong><\/p>\n<p>La legislaci\u00f3 li reconeix uns drets com a usuari que ha cedit les seves dades personals:<\/p>\n<p>Acc\u00e9s a les dades personals.<br \/>\nRectificaci\u00f3 o supressi\u00f3.<br \/>\nOposar-se a el tractament.<br \/>\nPortabilitat de les dades.<br \/>\nLimitaci\u00f3 del seu tractament.<br \/>\nL&#8217;exercici d&#8217;aquests drets \u00e9s personal. Pel que nom\u00e9s pots sol\u00b7licitar-los per a les dades dels quals ets el propietari.<br \/>\nEn el cas que vulguis exercir algun d&#8217;aquests drets pots fer-mitjan\u00e7ant un mail dirigit a info@rocagibert.com o mitjan\u00e7ant carta dirigida a Roca Gibert adre\u00e7a C\/ Girona 30, Sant Sadurn\u00ed d&#8217;Anoia indicant els drets que es volen exercir i una prova d&#8217;identitat.<\/p>\n<p>Ens comprometem a respondre a la teva sol\u00b7licitud en un termini m\u00e0xim de 30 dies h\u00e0bils.<\/p>\n<p><strong> Legitimaci\u00f3 per al tractament de DADES <\/strong><\/p>\n<p>La base legal per al tractament de les teves dades personals \u00e9s l&#8217;acceptaci\u00f3 expl\u00edcita de l&#8217;tractament, gesti\u00f3 i emmagatzematge dels mateixos segons la present pol\u00edtica de privacitat.<\/p>\n<p><strong> CONSEQ\u00dc\u00c8NCIES DE NO ACCEPTAR LA POL\u00cdTICA DE PRIVACITAT <\/strong><\/p>\n<p>En el cas que no accepteu la gesti\u00f3 de les teves dades segons la present pol\u00edtica de privacitat, no es procedir\u00e0 a la recopilaci\u00f3 dels mateixos, el que pot suposar que no es pugui dur a terme el servei prestat per Roca Gibert.<\/p>\n<p><strong> AUTORITAT DE PROTECCI\u00d3 DE DADES A ESPANYA <\/strong><br \/>\nEn el cas que vulguis fer valer els teus drets pel que fa a protecci\u00f3 de dades i consideres que no els estem respectant pots dirigir-te a l&#8217;autoritat espanyola responsable.<\/p>\n<p>&#8211; Lloc web de l&#8217;autoritat de protecci\u00f3 de dades:<br \/>\nhttps:\/\/www.agpd.es\/<\/p>\n<p>&#8211; Correu electr\u00f2nic de l&#8217;autoritat de protecci\u00f3 de dades:<br \/>\ninternacional@agpd.es<\/p>\n<p>&#8211; Tel\u00e8fon de l&#8217;autoritat de protecci\u00f3 de dades:<br \/>\n+34 91399 6200<\/p>\n<p><strong> CANVIS EN LA POL\u00cdTICA DE PRIVACITAT <\/strong><\/p>\n<p>Roca Gibert es reserva el dret a modificar la present Pol\u00edtica de Privacitat, aquestes modificacions es faran d&#8217;acord amb la legislaci\u00f3 i la jurisprud\u00e8ncia i quedaran reflectides en la present Pol\u00edtica de Privacitat.<\/p>\n<h1><strong> Pol\u00edtica de galetes <\/strong><\/h1>\n<p>En compliment amb el que disposa l&#8217;article 22.2 de la Llei 34\/2002, de 11 de juliol, de Serveis de la Societat de la Informaci\u00f3 i de Comer\u00e7 Electr\u00f2nic, aquesta p\u00e0gina web l&#8217;informa, en aquesta secci\u00f3, sobre la pol\u00edtica de recollida i tractament de cookies.<\/p>\n<p><strong> Qu\u00e8 s\u00f3n les COOKIES? <\/strong><\/p>\n<p>Una galeta \u00e9s un fitxer que es descarrega al seu ordinador a l&#8217;accedir a determinades p\u00e0gines web. Les cookies permeten a una p\u00e0gina web, entre altres coses, emmagatzemar i recuperar informaci\u00f3 sobre els h\u00e0bits de navegaci\u00f3 d&#8217;un usuari o del seu equip i, depenent de la informaci\u00f3 que continguin i de la forma en qu\u00e8 utilitzi el seu equip, es poden utilitzar per recon\u00e8ixer a l&#8217;usuari.<\/p>\n<p><strong> QU\u00c8 TIPUS DE COOKIES UTILITZA AQUESTA P\u00c0GINA WEB? <\/strong><\/p>\n<p>Aquesta p\u00e0gina web utilitza els seg\u00fcents tipus de galetes:<\/p>\n<p>Galetes d&#8217;an\u00e0lisi: S\u00f3n aquelles que ben tractades per nosaltres o per tercers, ens permeten quantificar el nombre d&#8217;usuaris i aix\u00ed realitzar el mesurament i an\u00e0lisi estad\u00edstica de la utilitzaci\u00f3 que fan els usuaris de el servei ofert. Per aix\u00f2 s&#8217;analitza la seva navegaci\u00f3 a la nostra p\u00e0gina web per tal de millorar l&#8217;oferta de productes o serveis que li oferim.<\/p>\n<p>Galetes t\u00e8cniques: S\u00f3n aquelles que permeten a l&#8217;usuari la navegaci\u00f3 a trav\u00e9s de l&#8217;\u00e0rea restringida i la utilitzaci\u00f3 dels seus diferents funcions, com per exemple, portar a canvi el proc\u00e9s de compra d&#8217;un article.<\/p>\n<p>Galetes de personalitzaci\u00f3: S\u00f3n aquelles que permeten a l&#8217;usuari accedir a el servei amb algunes caracter\u00edstiques de car\u00e0cter general predefinides en funci\u00f3 d&#8217;una s\u00e8rie de criteris en el terminal de l&#8217;usuari com ara serien l&#8217;idioma o el tipus de navegador a trav\u00e9s del qual es connecta a l&#8217; servei.<\/p>\n<p>Galetes publicit\u00e0ries: S\u00f3n aquelles que, ben tractades per aquesta web o per tercers, permeten gestionar de la forma m\u00e9s efica\u00e7 possible l&#8217;oferta dels espais publicitaris que hi ha a la p\u00e0gina web, adequant el contingut de l&#8217;anunci a l&#8217;contingut de l&#8217;servei sol\u00b7licitat o a l&#8217;\u00fas que realitzi de la nostra p\u00e0gina web. Per a aix\u00f2 podem analitzar els seus h\u00e0bits de navegaci\u00f3 a Internet i podem mostrar publicitat relacionada amb el seu perfil de navegaci\u00f3.<\/p>\n<p>Galetes de publicitat comportamental: S\u00f3n aquelles que permeten la gesti\u00f3, de la forma m\u00e9s efica\u00e7 possible, dels espais publicitaris que, si escau, l&#8217;editor hagi incl\u00f2s en una p\u00e0gina web, aplicaci\u00f3 o plataforma des de la qual presta el servei sol\u00b7licitat. Aquest tipus de galetes emmagatzemen informaci\u00f3 de l&#8217;comportament dels visitants obtinguda a trav\u00e9s de l&#8217;observaci\u00f3 continuada dels seus h\u00e0bits de navegaci\u00f3, el que permet desenvolupar un perfil espec\u00edfic per mostrar avisos publicitaris en funci\u00f3 del mateix.<\/p>\n<p><strong> INHABILITA Les galetes. <\/strong><\/p>\n<p>Pot vost\u00e8 permetre, bloquejar o eliminar les cookies instal\u00b7lades en el seu equip mitjan\u00e7ant la configuraci\u00f3 de les opcions de el navegador en el vostre ordinador.<\/p>\n<p>En la majoria dels navegadors web s&#8217;ofereix la possibilitat de permetre, bloquejar o eliminar les cookies instal\u00b7lades en el seu equip.<\/p>\n<p>A continuaci\u00f3 pot accedir a la configuraci\u00f3 dels navegadors webs m\u00e9s freq\u00fcents per acceptar, instal\u00b7lar o desactivar les galetes:<\/p>\n<p><a href=\"https:\/\/support.google.com\/chrome\/answer\/95647?hl=es\" rel=\"\"> Configura galetes a Google Chrome <\/a><\/p>\n<p><a href=\"https:\/\/support.microsoft.com\/es-es\/help\/17442\/windows-internet-explorer-delete-manage-cookies\" rel=\"\"> Configura galetes a Microsoft Internet Explorer <\/a><\/p>\n<p><a href=\"https:\/\/support.mozilla.org\/es\/kb\/habilitar-y-deshabilitar-cookies-sitios-web-rastrear-preferencias?redirectlocale=es&amp;redirectslug=habilitar-y-deshabilitar-cookies-que -els-llocs-we \" rel=\" \"> Configura galetes de Mozilla Firefox <\/a><\/p>\n<p><a href=\"https:\/\/support.apple.com\/es-es\/HT201265\" rel=\"\"> Configura galetes al Safari (Apple) <\/a><\/p>\n<p><strong> COOKIES DE TERCERS. <\/strong><\/p>\n<p>Aquesta p\u00e0gina web utilitza serveis de tercers per recopilar informaci\u00f3 amb fins estad\u00edstics i d&#8217;\u00fas de la web. S&#8217;usen galetes de DoubleClick per millorar la publicitat que s&#8217;inclou en el lloc web. S\u00f3n utilitzades per orientar la publicitat segons el contingut que \u00e9s rellevant per a un usuari, millorant aix\u00ed la qualitat d&#8217;experi\u00e8ncia en l&#8217;\u00fas de la mateixa.<\/p>\n<p>En concret, fem servir els serveis de Google Adsense i d&#8217;Analytics per a les nostres estad\u00edstiques i publicitat. Algunes cookies s\u00f3n essencials per al funcionament de el lloc, per exemple el cercador incorporat.<\/p>\n<p>El nostre lloc inclou altres funcionalitats proporcionades per tercers. Vost\u00e8 pot f\u00e0cilment compartir el contingut en xarxes socials com Facebook, Twitter o Google+, amb els botons que hem incl\u00f2s a aquest efecte.<\/p>\n<p><strong> ADVERT\u00c8NCIA SOBRE ELIMINAR COOKIES. <\/strong><\/p>\n<p>Vost\u00e8 pot eliminar i bloquejar totes les galetes d&#8217;aquest lloc, per\u00f2 part de el lloc no funcionar\u00e0 o la qualitat de la p\u00e0gina web es pot veure afectada.<\/p>\n<p>Si t\u00e9 qualsevol dubte sobre la nostra pol\u00edtica de cookies, pot contactar amb aquesta p\u00e0gina web a trav\u00e9s dels nostres canals de Contacte.<\/p>\n<\/div>\n<\/div>\n<\/div>\n<\/div>\n<\/div>\n<\/div>\n\t\t\t\t\t\t\t\t<\/div>\n\t\t\t\t<\/div>\n\t\t\t\t\t<\/div>\n\t\t<\/div>\n\t\t\t\t\t<\/div>\n\t\t<\/section>\n\t\t\t\t<\/div>\n\t\t","protected":false},"excerpt":{"rendered":"<p>Pol\u00edtica de Privacitat INTRODUCCI\u00d3 VC Monastell S.L., d&#8217;ara endavant Roca Gibert, recopila, tracta i emmagatzema informaci\u00f3 personal a trav\u00e9s del web de la seva propietat rocagibert.com.<span class=\"excerpt-hellip\"> [\u2026]<\/span><\/p>\n","protected":false},"author":1,"featured_media":0,"parent":0,"menu_order":0,"comment_status":"closed","ping_status":"closed","template":"","meta":{"footnotes":""},"class_list":["post-4564","page","type-page","status-publish","hentry"],"_links":{"self":[{"href":"https:\/\/www.rocagibert.com\/ca\/wp-json\/wp\/v2\/pages\/4564","targetHints":{"allow":["GET"]}}],"collection":[{"href":"https:\/\/www.rocagibert.com\/ca\/wp-json\/wp\/v2\/pages"}],"about":[{"href":"https:\/\/www.rocagibert.com\/ca\/wp-json\/wp\/v2\/types\/page"}],"author":[{"embeddable":true,"href":"https:\/\/www.rocagibert.com\/ca\/wp-json\/wp\/v2\/users\/1"}],"replies":[{"embeddable":true,"href":"https:\/\/www.rocagibert.com\/ca\/wp-json\/wp\/v2\/comments?post=4564"}],"version-history":[{"count":0,"href":"https:\/\/www.rocagibert.com\/ca\/wp-json\/wp\/v2\/pages\/4564\/revisions"}],"wp:attachment":[{"href":"https:\/\/www.rocagibert.com\/ca\/wp-json\/wp\/v2\/media?parent=4564"}],"curies":[{"name":"wp","href":"https:\/\/api.w.org\/{rel}","templated":true}]}}