{"id":4553,"date":"2021-08-11T15:04:04","date_gmt":"2021-08-11T13:04:04","guid":{"rendered":"https:\/\/www.rocagibert.com\/equip\/"},"modified":"2021-08-11T21:26:06","modified_gmt":"2021-08-11T19:26:06","slug":"equip","status":"publish","type":"page","link":"https:\/\/www.rocagibert.com\/ca\/equip\/","title":{"rendered":"Equip"},"content":{"rendered":"\t\t<div data-elementor-type=\"wp-page\" data-elementor-id=\"4553\" class=\"elementor elementor-4553 elementor-2170\" data-elementor-post-type=\"page\">\n\t\t\t\t\t\t<section class=\"has_eae_slider elementor-section elementor-top-section elementor-element elementor-element-2107be0 elementor-section-stretched elementor-section-boxed elementor-section-height-default elementor-section-height-default\" data-eae-slider=\"41705\" data-id=\"2107be0\" data-element_type=\"section\" data-settings=\"{&quot;stretch_section&quot;:&quot;section-stretched&quot;}\">\n\t\t\t\t\t\t<div class=\"elementor-container elementor-column-gap-wider\">\n\t\t\t\t\t<div class=\"has_eae_slider elementor-column elementor-col-100 elementor-top-column elementor-element elementor-element-d99b794\" data-eae-slider=\"87874\" data-id=\"d99b794\" data-element_type=\"column\">\n\t\t\t<div class=\"elementor-widget-wrap elementor-element-populated\">\n\t\t\t\t\t\t<section class=\"has_eae_slider elementor-section elementor-inner-section elementor-element elementor-element-aec612a elementor-section-content-top elementor-section-boxed elementor-section-height-default elementor-section-height-default\" data-eae-slider=\"67178\" data-id=\"aec612a\" data-element_type=\"section\">\n\t\t\t\t\t\t<div class=\"elementor-container elementor-column-gap-no\">\n\t\t\t\t\t<div class=\"has_eae_slider elementor-column elementor-col-100 elementor-inner-column elementor-element elementor-element-47adea6\" data-eae-slider=\"60576\" data-id=\"47adea6\" data-element_type=\"column\">\n\t\t\t<div class=\"elementor-widget-wrap elementor-element-populated\">\n\t\t\t\t\t\t<div class=\"elementor-element elementor-element-1579c97c elementor-hidden-phone elementor-widget elementor-widget-text-editor\" data-id=\"1579c97c\" data-element_type=\"widget\" data-widget_type=\"text-editor.default\">\n\t\t\t\t<div class=\"elementor-widget-container\">\n\t\t\t\t\t\t\t\t\t<h6 class=\"themecolor\">UNA FAM\u00cdLIA \u2014<\/h6>\n\t\t\t\t\t\t\t\t<\/div>\n\t\t\t\t<\/div>\n\t\t\t\t<div class=\"elementor-element elementor-element-743e0854 elementor-widget elementor-widget-text-editor\" data-id=\"743e0854\" data-element_type=\"widget\" data-widget_type=\"text-editor.default\">\n\t\t\t\t<div class=\"elementor-widget-container\">\n\t\t\t\t\t\t\t\t\t<h1>Equip<\/h1>\n\t\t\t\t\t\t\t\t<\/div>\n\t\t\t\t<\/div>\n\t\t\t\t\t<\/div>\n\t\t<\/div>\n\t\t\t\t\t<\/div>\n\t\t<\/section>\n\t\t\t\t<div class=\"elementor-element elementor-element-6b50bf51 elementor-widget-divider--view-line elementor-widget elementor-widget-divider\" data-id=\"6b50bf51\" data-element_type=\"widget\" data-widget_type=\"divider.default\">\n\t\t\t\t<div class=\"elementor-widget-container\">\n\t\t\t\t\t\t\t<div class=\"elementor-divider\">\n\t\t\t<span class=\"elementor-divider-separator\">\n\t\t\t\t\t\t<\/span>\n\t\t<\/div>\n\t\t\t\t\t\t<\/div>\n\t\t\t\t<\/div>\n\t\t\t\t<section class=\"has_eae_slider elementor-section elementor-inner-section elementor-element elementor-element-187b9e2 elementor-section-content-top elementor-section-boxed elementor-section-height-default elementor-section-height-default\" data-eae-slider=\"58404\" data-id=\"187b9e2\" data-element_type=\"section\">\n\t\t\t\t\t\t<div class=\"elementor-container elementor-column-gap-no\">\n\t\t\t\t\t<div class=\"has_eae_slider elementor-column elementor-col-50 elementor-inner-column elementor-element elementor-element-9294093\" data-eae-slider=\"40537\" data-id=\"9294093\" data-element_type=\"column\">\n\t\t\t<div class=\"elementor-widget-wrap elementor-element-populated\">\n\t\t\t\t\t\t<div class=\"elementor-element elementor-element-8e7f95b elementor-widget elementor-widget-image\" data-id=\"8e7f95b\" data-element_type=\"widget\" data-widget_type=\"image.default\">\n\t\t\t\t<div class=\"elementor-widget-container\">\n\t\t\t\t\t\t\t\t\t\t\t\t\t\t\t<img fetchpriority=\"high\" decoding=\"async\" width=\"1024\" height=\"1024\" src=\"https:\/\/www.rocagibert.com\/wp-content\/uploads\/2021\/03\/Victor-Centellas.png\" class=\"attachment-large size-large wp-image-4847\" alt=\"\" srcset=\"https:\/\/www.rocagibert.com\/wp-content\/uploads\/2021\/03\/Victor-Centellas.png 1573w, https:\/\/www.rocagibert.com\/wp-content\/uploads\/2021\/03\/Victor-Centellas-300x300.png 300w, https:\/\/www.rocagibert.com\/wp-content\/uploads\/2021\/03\/Victor-Centellas-800x800.png 800w\" sizes=\"(max-width:767px) 480px, (max-width:1024px) 100vw, 1024px\" \/>\t\t\t\t\t\t\t\t\t\t\t\t\t\t\t<\/div>\n\t\t\t\t<\/div>\n\t\t\t\t\t<\/div>\n\t\t<\/div>\n\t\t\t\t<div class=\"has_eae_slider elementor-column elementor-col-50 elementor-inner-column elementor-element elementor-element-9adde45\" data-eae-slider=\"99752\" data-id=\"9adde45\" data-element_type=\"column\">\n\t\t\t<div class=\"elementor-widget-wrap elementor-element-populated\">\n\t\t\t\t\t\t<div class=\"elementor-element elementor-element-edd84ab elementor-widget elementor-widget-text-editor\" data-id=\"edd84ab\" data-element_type=\"widget\" data-widget_type=\"text-editor.default\">\n\t\t\t\t<div class=\"elementor-widget-container\">\n\t\t\t\t\t\t\t\t\t<h6 class=\"themecolor\">ADMINISTRACI\u00d3 I COMPTABILITAT<\/h6>\n\t\t\t\t\t\t\t\t<\/div>\n\t\t\t\t<\/div>\n\t\t\t\t<div class=\"elementor-element elementor-element-fa5fdd2 elementor-widget elementor-widget-text-editor\" data-id=\"fa5fdd2\" data-element_type=\"widget\" data-widget_type=\"text-editor.default\">\n\t\t\t\t<div class=\"elementor-widget-container\">\n\t\t\t\t\t\t\t\t\t<h3>Victor Centellas Catas\u00fas<\/h3>\n\t\t\t\t\t\t\t\t<\/div>\n\t\t\t\t<\/div>\n\t\t\t\t<div class=\"elementor-element elementor-element-b09a0fa elementor-widget elementor-widget-text-editor\" data-id=\"b09a0fa\" data-element_type=\"widget\" data-widget_type=\"text-editor.default\">\n\t\t\t\t<div class=\"elementor-widget-container\">\n\t\t\t\t\t\t\t\t\t<p>Nascut a Sant Sadurn\u00ed d&#8217;Anoia i apassionat de l&#8217;cava des dels <strong> 14 anys <\/strong>, edat a la que va entrar a treballar a un conegut celler de la localitat. Des de llavors la seva passi\u00f3 per aquest m\u00f3n no ha parat de cr\u00e9ixer.<\/p>\n<p>Amb el seu car\u00e0cter <strong> emprenedor i inquiet <\/strong>, ha estat a la direcci\u00f3 de diverses empreses, per\u00f2 sempre al costat del cava. Primer elaborant al domicili per a consum particular i d&#8217;amics, despr\u00e9s de forma professional i des de 2001 a <strong> Roca Gibert <\/strong>.<\/p>\n\t\t\t\t\t\t\t\t<\/div>\n\t\t\t\t<\/div>\n\t\t\t\t\t<\/div>\n\t\t<\/div>\n\t\t\t\t\t<\/div>\n\t\t<\/section>\n\t\t\t\t<section class=\"has_eae_slider elementor-section elementor-inner-section elementor-element elementor-element-ffaa8d7 elementor-section-content-top elementor-reverse-mobile elementor-section-boxed elementor-section-height-default elementor-section-height-default\" data-eae-slider=\"46204\" data-id=\"ffaa8d7\" data-element_type=\"section\">\n\t\t\t\t\t\t<div class=\"elementor-container elementor-column-gap-no\">\n\t\t\t\t\t<div class=\"has_eae_slider elementor-column elementor-col-50 elementor-inner-column elementor-element elementor-element-b8dc352\" data-eae-slider=\"9260\" data-id=\"b8dc352\" data-element_type=\"column\">\n\t\t\t<div class=\"elementor-widget-wrap elementor-element-populated\">\n\t\t\t\t\t\t<div class=\"elementor-element elementor-element-75b7133 elementor-widget elementor-widget-text-editor\" data-id=\"75b7133\" data-element_type=\"widget\" data-widget_type=\"text-editor.default\">\n\t\t\t\t<div class=\"elementor-widget-container\">\n\t\t\t\t\t\t\t\t\t<h6 class=\"themecolor\">EN\u00d2LEG, SOMMELIER I CAP DE PRODUCCI\u00d3<\/h6>\n\t\t\t\t\t\t\t\t<\/div>\n\t\t\t\t<\/div>\n\t\t\t\t<div class=\"elementor-element elementor-element-3ba22de elementor-widget elementor-widget-text-editor\" data-id=\"3ba22de\" data-element_type=\"widget\" data-widget_type=\"text-editor.default\">\n\t\t\t\t<div class=\"elementor-widget-container\">\n\t\t\t\t\t\t\t\t\t<h3>Ferran Giron\u00e8s Catas\u00fas<\/h3>\n\t\t\t\t\t\t\t\t<\/div>\n\t\t\t\t<\/div>\n\t\t\t\t<div class=\"elementor-element elementor-element-5ad3fa2 elementor-widget elementor-widget-text-editor\" data-id=\"5ad3fa2\" data-element_type=\"widget\" data-widget_type=\"text-editor.default\">\n\t\t\t\t<div class=\"elementor-widget-container\">\n\t\t\t\t\t\t\t\t\t<p><strong> En\u00f2leg <\/strong> des de 1991 i vinculat al m\u00f3n del cava uns anys m\u00e9s tard com a responsable t\u00e8cnic de diferents cellers de la zona.<\/p>\n<p>Elabora amb <strong> professionalitat <\/strong> els nostres productes. Amb la paci\u00e8ncia i la cura necessaris per mantenir, any rere any, l&#8217; <strong> alt nivell qualitatiu <\/strong> dels nostres caves.<\/p>\n\t\t\t\t\t\t\t\t<\/div>\n\t\t\t\t<\/div>\n\t\t\t\t\t<\/div>\n\t\t<\/div>\n\t\t\t\t<div class=\"has_eae_slider elementor-column elementor-col-50 elementor-inner-column elementor-element elementor-element-cbed627\" data-eae-slider=\"70194\" data-id=\"cbed627\" data-element_type=\"column\">\n\t\t\t<div class=\"elementor-widget-wrap elementor-element-populated\">\n\t\t\t\t\t\t<div class=\"elementor-element elementor-element-58cafad elementor-widget elementor-widget-image\" data-id=\"58cafad\" data-element_type=\"widget\" data-widget_type=\"image.default\">\n\t\t\t\t<div class=\"elementor-widget-container\">\n\t\t\t\t\t\t\t\t\t\t\t\t\t\t\t<img decoding=\"async\" width=\"755\" height=\"755\" src=\"https:\/\/www.rocagibert.com\/wp-content\/uploads\/2021\/03\/Ferran-Girones.png\" class=\"attachment-large size-large wp-image-4875\" alt=\"\" srcset=\"https:\/\/www.rocagibert.com\/wp-content\/uploads\/2021\/03\/Ferran-Girones.png 755w, https:\/\/www.rocagibert.com\/wp-content\/uploads\/2021\/03\/Ferran-Girones-300x300.png 300w\" sizes=\"(max-width:767px) 480px, 755px\" \/>\t\t\t\t\t\t\t\t\t\t\t\t\t\t\t<\/div>\n\t\t\t\t<\/div>\n\t\t\t\t\t<\/div>\n\t\t<\/div>\n\t\t\t\t\t<\/div>\n\t\t<\/section>\n\t\t\t\t<section class=\"has_eae_slider elementor-section elementor-inner-section elementor-element elementor-element-eb9eb3e elementor-section-content-top elementor-section-boxed elementor-section-height-default elementor-section-height-default\" data-eae-slider=\"79073\" data-id=\"eb9eb3e\" data-element_type=\"section\">\n\t\t\t\t\t\t<div class=\"elementor-container elementor-column-gap-no\">\n\t\t\t\t\t<div class=\"has_eae_slider elementor-column elementor-col-50 elementor-inner-column elementor-element elementor-element-4ad4908\" data-eae-slider=\"62411\" data-id=\"4ad4908\" data-element_type=\"column\">\n\t\t\t<div class=\"elementor-widget-wrap elementor-element-populated\">\n\t\t\t\t\t\t<div class=\"elementor-element elementor-element-52deed8 elementor-widget elementor-widget-image\" data-id=\"52deed8\" data-element_type=\"widget\" data-widget_type=\"image.default\">\n\t\t\t\t<div class=\"elementor-widget-container\">\n\t\t\t\t\t\t\t\t\t\t\t\t\t\t\t<img decoding=\"async\" width=\"1024\" height=\"1024\" src=\"https:\/\/www.rocagibert.com\/wp-content\/uploads\/2021\/03\/Victor-Cent..png\" class=\"attachment-large size-large wp-image-4849\" alt=\"\" srcset=\"https:\/\/www.rocagibert.com\/wp-content\/uploads\/2021\/03\/Victor-Cent..png 1199w, https:\/\/www.rocagibert.com\/wp-content\/uploads\/2021\/03\/Victor-Cent.-300x300.png 300w, https:\/\/www.rocagibert.com\/wp-content\/uploads\/2021\/03\/Victor-Cent.-800x800.png 800w\" sizes=\"(max-width:767px) 480px, (max-width:1024px) 100vw, 1024px\" \/>\t\t\t\t\t\t\t\t\t\t\t\t\t\t\t<\/div>\n\t\t\t\t<\/div>\n\t\t\t\t\t<\/div>\n\t\t<\/div>\n\t\t\t\t<div class=\"has_eae_slider elementor-column elementor-col-50 elementor-inner-column elementor-element elementor-element-1682b30\" data-eae-slider=\"31085\" data-id=\"1682b30\" data-element_type=\"column\">\n\t\t\t<div class=\"elementor-widget-wrap elementor-element-populated\">\n\t\t\t\t\t\t<div class=\"elementor-element elementor-element-8b52298 elementor-widget elementor-widget-text-editor\" data-id=\"8b52298\" data-element_type=\"widget\" data-widget_type=\"text-editor.default\">\n\t\t\t\t<div class=\"elementor-widget-container\">\n\t\t\t\t\t\t\t\t\t<h6 class=\"themecolor\">KAM, COMERCIAL I AJUDANT DE PRODUCCI\u00d3<\/h6>\n\t\t\t\t\t\t\t\t<\/div>\n\t\t\t\t<\/div>\n\t\t\t\t<div class=\"elementor-element elementor-element-f202a6d elementor-widget elementor-widget-text-editor\" data-id=\"f202a6d\" data-element_type=\"widget\" data-widget_type=\"text-editor.default\">\n\t\t\t\t<div class=\"elementor-widget-container\">\n\t\t\t\t\t\t\t\t\t<h3>Victor Centellas Medina<\/h3>\n\t\t\t\t\t\t\t\t<\/div>\n\t\t\t\t<\/div>\n\t\t\t\t<div class=\"elementor-element elementor-element-2be1e2a elementor-widget elementor-widget-text-editor\" data-id=\"2be1e2a\" data-element_type=\"widget\" data-widget_type=\"text-editor.default\">\n\t\t\t\t<div class=\"elementor-widget-container\">\n\t\t\t\t\t\t\t\t\t<p>Des de nen ha estat en contacte amb el cava, al veure com s&#8217;elaborava cava a <strong> casa <\/strong> seva de forma totalment <strong> manual i tradicional <\/strong> i, posteriorment, de forma professional.<\/p>\n<p>Tot i viure tan de prop aquest m\u00f3n, ajudar i col\u00b7laborar-hi, va estudiar i va treballar en altres projectes; fins que el 2017 es va plantejar realment la possibilitat d&#8217;incorporar-se al celler familiar.<\/p>\n<p>Finalment, el 2018, <strong> va entrar a l&#8217;equip <\/strong> amb la intenci\u00f3 de fer cr\u00e9ixer el negoci, aprendre l&#8217;ofici i desenvolupar-se professionalment.<\/p>\n\t\t\t\t\t\t\t\t<\/div>\n\t\t\t\t<\/div>\n\t\t\t\t\t<\/div>\n\t\t<\/div>\n\t\t\t\t\t<\/div>\n\t\t<\/section>\n\t\t\t\t\t<\/div>\n\t\t<\/div>\n\t\t\t\t\t<\/div>\n\t\t<\/section>\n\t\t\t\t<\/div>\n\t\t","protected":false},"excerpt":{"rendered":"<p>UNA FAM\u00cdLIA \u2014 Equip ADMINISTRACI\u00d3 I COMPTABILITAT Victor Centellas Catas\u00fas Nascut a Sant Sadurn\u00ed d&#8217;Anoia i apassionat de l&#8217;cava des dels 14 anys , edat a<span class=\"excerpt-hellip\"> [\u2026]<\/span><\/p>\n","protected":false},"author":1,"featured_media":0,"parent":0,"menu_order":0,"comment_status":"closed","ping_status":"closed","template":"","meta":{"footnotes":""},"class_list":["post-4553","page","type-page","status-publish","hentry"],"_links":{"self":[{"href":"https:\/\/www.rocagibert.com\/ca\/wp-json\/wp\/v2\/pages\/4553","targetHints":{"allow":["GET"]}}],"collection":[{"href":"https:\/\/www.rocagibert.com\/ca\/wp-json\/wp\/v2\/pages"}],"about":[{"href":"https:\/\/www.rocagibert.com\/ca\/wp-json\/wp\/v2\/types\/page"}],"author":[{"embeddable":true,"href":"https:\/\/www.rocagibert.com\/ca\/wp-json\/wp\/v2\/users\/1"}],"replies":[{"embeddable":true,"href":"https:\/\/www.rocagibert.com\/ca\/wp-json\/wp\/v2\/comments?post=4553"}],"version-history":[{"count":0,"href":"https:\/\/www.rocagibert.com\/ca\/wp-json\/wp\/v2\/pages\/4553\/revisions"}],"wp:attachment":[{"href":"https:\/\/www.rocagibert.com\/ca\/wp-json\/wp\/v2\/media?parent=4553"}],"curies":[{"name":"wp","href":"https:\/\/api.w.org\/{rel}","templated":true}]}}